{"id":119,"date":"2018-12-13T18:37:00","date_gmt":"2018-12-13T17:37:00","guid":{"rendered":"http:\/\/www.fremb.fr\/archeo\/?page_id=119"},"modified":"2019-07-03T00:22:57","modified_gmt":"2019-07-02T22:22:57","slug":"bibliographies","status":"publish","type":"page","link":"https:\/\/www.moires.fr\/en\/?page_id=119","title":{"rendered":"Bibliographies"},"content":{"rendered":"<hr \/>\n<p class=\"TbwUpd\"><cite class=\"iUh30\">Below you will find some reading tracks.<\/cite><cite class=\"iUh30\"><\/cite><\/p>\n<p><em>The list of publications by the board members is available <a href=\"https:\/\/www.moires.fr\/en\/?page_id=324\">here<\/a>.<\/em><\/p>\n<hr \/>\n<h2 style=\"text-align: left;\">The Moirai<\/h2>\n<div class=\"csl-bib-body\">\n<p class=\"csl-entry\" style=\"text-align: justify;\">GRIMAL P., 2002, <i>Dictionnaire de la mythologie grecque et romaine<\/i>, 15e \u00e9d., Paris, Presses Univ. de France, 574\u00a0p.<\/p>\n<\/div>\n<div class=\"csl-bib-body\">\n<p class=\"csl-entry\" style=\"text-align: justify;\">HOM\u00c8RE, <i>L\u2019Odyss\u00e9e<\/i>, traduit par M. Dufour et traduit par J. Raison (1961), Paris, Garnier Fr\u00e8res, 406\u00a0p.<\/p>\n<\/div>\n<div class=\"csl-bib-body\">\n<p class=\"csl-entry\" style=\"text-align: justify;\">HOM\u00c8RE, <i>Iliade<\/i>, traduit par P. Mazon (1962), Paris, Les Belles Lettres, 590 p.<\/p>\n<p>&nbsp;<\/p>\n<\/div>\n<h2>The excavations, preservation and textile analyse in archaeology<\/h2>\n<div class=\"csl-bib-body\">\n<div class=\"csl-bib-body\">\n<p class=\"csl-entry\" style=\"text-align: justify;\">Collective, 2009, <i>Regards sur le patrimoine textil<\/i>e, Paris, Actes Sud, 168 p.<\/p>\n<p class=\"csl-entry\" style=\"text-align: justify;\">DE BUHREN V., 2008, \u00ab\u00a0La conservation des tissus en milieu humide. Quel traitement pour permettre une pr\u00e9sentation mus\u00e9ographique de ces vestiges fragiles\u202f?\u00a0\u00bb, <em>in<\/em> Bailly-Ma\u00eetre M.-C.,\u00a0Jourdain-Annequin C.,\u00a0Clermont-Joly M (dir.), <i>Arch\u00e9ologie et paysages des mines anciennes de la fouille au mus\u00e9e<\/i>, Paris, \u00c9ditions Picard, p.\u00a0137\u2011141.<\/p>\n<div class=\"csl-bib-body\">\n<p class=\"csl-entry\" style=\"text-align: justify;\">FLURY-LEMBERG M., 1988, <i>Textile conservation and research: a documentation of the textile department on the occasion of the 20th anniversary of the Abegg Foundation<\/i>, Bern, Abegg-Stiftung, coll. \u00ab\u00a0Schriften der Abegg-Stiftung\u00a0\u00bb, n\u02da\u00a07, 532\u00a0p.<\/p>\n<\/div>\n<p class=\"csl-entry\" style=\"text-align: justify;\">GAY M.-C., MONROCQ R., 1972, \u00ab\u00a0Identification des fibres textiles naturelles par examen microscopique \u00bb,\u00a0 <i>Annales. Laboratoire de recherche des mus\u00e9es de France,<\/i> p. 16-22.<\/p>\n<\/div>\n<p class=\"csl-entry\" style=\"text-align: justify;\">GILLIS C.,\u00a0 NOSCH M.-L. (dir.), 2007, <i>First aid for the excavation of archaeological textiles<\/i>, Oxford, Danish National Research Foundation\u2019s Centre for Textile Research\u202f; Oxbow Books, 43\u00a0p.<\/p>\n<p class=\"csl-entry\" style=\"text-align: justify;\">GUELTON M.-H., 2005, <em>Vocabulaire fran\u00e7ais<\/em>, Lyon, Publications du CIETA, 55 p.<\/p>\n<\/div>\n<div class=\"csl-bib-body\">\n<p class=\"csl-entry\" style=\"text-align: justify;\">HUYSSEUNE H., 2015, <i>Conservation-restauration d\u2019un ensemble arch\u00e9ologique pr\u00e9lev\u00e9 en motte\u202f: Une s\u00e9pulture d\u2019enfant du Haut Moyen \u00c2ge (VIIe si\u00e8cle, Langenpreising, Bavi\u00e8re)<\/i>, M\u00e9moire de Master 2, Universit\u00e9 Paris I \u2013 Panth\u00e9on Sorbonne, Paris, 225\u00a0p.<\/p>\n<div class=\"csl-bib-body\">\n<p class=\"csl-entry\" style=\"text-align: justify;\">Section fran\u00e7aise de l&#8217;Institut international de conservation (dir.), 1994, <i>La conservation des textiles anciens : journ\u00e9es d\u2019\u00e9tudes de la SFIIC, Angers, 20-22 octobre 1994<\/i>, Champs-sur-Marne, SFIIC, 293\u00a0p.<\/p>\n<\/div>\n<\/div>\n<p class=\"csl-entry\" style=\"text-align: justify;\">Section fran\u00e7aise de l&#8217;Institut international de conservation (dir.), 2001, <i>Pr\u00e9server les objets de son patrimoine \u2013 Pr\u00e9cis de conservation pr\u00e9ventive<\/i>, Belgique, SFIIC, Mardaga, 264 p.<\/p>\n<p class=\"csl-entry\" style=\"text-align: justify;\">VIAL G., 1979, <i>Trac\u00e9s techniques<\/i>, Lyon, Publications du CIETA, 33 p.<\/p>\n<p>&nbsp;<\/p>\n<h2>Textiles in archaeology<\/h2>\n<div class=\"csl-bib-body\">\n<div class=\"csl-bib-body\">\n<div class=\"csl-bib-body\">\n<p class=\"csl-entry\" style=\"text-align: justify;\">ALFARO GINER C., WILD J.P., COSTA B. (dir.), 2004, <i>Purpureae vestes: actas del I Symposium Internacional Sobre Textiles y Tintes del Mediterr\u00e1neo en \u00c9poca Romana (Ibiza, 8 al 10 de noviembre, 2002)<\/i>, Valencia, Consell Insular d\u2019Eivissa i Formentera, 262\u00a0p.<\/p>\n<\/div>\n<p class=\"csl-entry\" style=\"text-align: justify;\">ANDERSSON STRAND E<i>., <\/i>FREI K.M., GLEBA M., MANNERING U., NOSCH M.-L., SKALS I., 2010, \u00ab\u00a0Old Textiles \u2013 New Possibilities\u00a0\u00bb, <i>European Journal of Archaeology<\/i>, 13,\u00a02,\u00a0p.\u00a0149\u2011173.<\/p>\n<\/div>\n<div class=\"csl-bib-body\">\n<p class=\"csl-entry\" style=\"text-align: justify;\">BARBER E.J.W., 1991, <i>Prehistoric textiles: the development of cloth in the Neolithic and Bronze Ages with special reference to the Aegean<\/i>, Princeton, N.J, Princeton University Press, 471\u00a0p.<\/p>\n<\/div>\n<p>BENDER J\u00d8RGENSEN L., 1992, North European Textiles until AD 1000, Aarhus University Press, Aarhus, 285 p.<\/p>\n<div class=\"csl-bib-body\">\n<div class=\"csl-bib-body\">\n<p class=\"csl-entry\" style=\"text-align: justify;\">BRENIQUET C., B\u00c8CHE-WITTMANN M., BOUILLOC C., GAUMAT C., 2018, \u00ab\u00a0Une collection exceptionnelle\u202f: les textiles gallo-romains des Martres-de-Veyre (Puy-de-D\u00f4me) conserv\u00e9s au mus\u00e9e Bargoin de Clermont-Ferrand\u00a0\u00bb, <i>Artefact<\/i>, 6,\u00a0p.\u00a0197\u2011207.<\/p>\n<p style=\"text-align: justify;\">CARDON D., 2007, <i>Natural dyes: sources, tradition, technology and science<\/i>, London, Archetype publications, 778 p.<\/p>\n<p style=\"text-align: justify;\">CARDON D., 2014, <em>Le monde des teintures naturelles<\/em>, Paris, Belin, 500 p.<\/p>\n<div class=\"csl-bib-body\">\n<p class=\"csl-entry\" style=\"text-align: justify;\">CARDON D., FEUG\u00c8RE M. (dir.), 2000, <i>Arch\u00e9ologie des textiles des origines au Ve si\u00e8cle. Actes du colloque de Lattes, octobre 1999<\/i>, Montagnac, \u00c9ditions Monique Mergoil, coll. \u00ab\u00a0Monographies instrumentum\u00a0\u00bb, n\u02da 14, 290\u00a0p.<\/p>\n<div class=\"csl-bib-body\">\n<p class=\"csl-entry\" style=\"text-align: justify;\">DESROSIERS S., 1987, <i>Structure et d\u00e9cors des tissus andins pr\u00e9hispaniques<\/i>, Th\u00e8se de doctorat, ethnologie, \u00c9cole des Hautes \u00c9tudes en Sciences Sociales, Paris, 364\u00a0p.<\/p>\n<\/div>\n<\/div>\n<\/div>\n<\/div>\n<div class=\"csl-bib-body\">\n<div class=\"csl-bib-body\">\n<p class=\"csl-entry\" style=\"text-align: justify;\">GLEBA M., MANNERING U. (dir.), 2012, <i>Textiles and textile production in Europe from Prehistory to AD 400<\/i>, Oxford, Oxbow Books, coll. \u00ab\u00a0Ancient textiles series\u00a0\u00bb, n\u02da\u00a011, 470\u00a0p.<\/p>\n<\/div>\n<\/div>\n<div class=\"csl-bib-body\">\n<div class=\"csl-bib-body\">\n<p class=\"csl-entry\" style=\"text-align: justify;\">GR\u00d6MER K., KERN A., RESCHREITER H., R\u00d6SEL-MAUTENDORFER H. (dir.), 2013, <i>Textiles from Hallstatt. Weaving culture in Bronze Age and Iron Age salt mines. Textilien aus Hallstatt. Gewebte Kultur aus dem bronze- und eisenzeitlichen Salzbergwerk<\/i>, Budapest, Archaeolingua Alap\u00edtv\u00e1ny, coll. \u00ab\u00a0Archaeolingua\u00a0\u00bb, n\u02da\u00a029, 574\u00a0p.<\/p>\n<p style=\"text-align: justify;\">GILLIS C., NOSCH M.-L. B., 2007, <i>Ancient textiles: production, craft and society<\/i>, Oxford, Oxford Books, 304 p.<\/p>\n<div class=\"csl-bib-body\">\n<p class=\"csl-entry\" style=\"text-align: justify;\">HAMMARLUND L., KIRJIVANAINEN H., VERSTEG\u00c5RD PERDERSEN K., VEDELER M., 2008, \u00ab\u00a0Visual textiles: A study of appearance and visual impression in archaeological textiles\u00a0\u00bb, <em>in<\/em> Netherton R. et Owen-Crocker G.R. (dir.), <i>Medieval Clothing and Textiles<\/i>, Woodbridge, The Boydell Press, n\u02da 4, p.\u00a069\u201198.<\/p>\n<div class=\"csl-bib-body\">\n<p class=\"csl-entry\" style=\"text-align: justify;\">HENRI D., 2015, <i>Production et consommation textiles \u00e0 Tours aux XVe et XVIe si\u00e8cles. Approche arch\u00e9ologique<\/i>, Th\u00e8se, Universit\u00e9 Fran\u00e7ois Rabelais, Tours, 700\u00a0p.<\/p>\n<p>MARTIN C., 2007, <i>Weaving. Methods, Patterns &amp; Traditions of an Ancient Art<\/i>, Glastonbury, Wooden Books Ltd, 58 p.<\/p>\n<div class=\"csl-bib-body\">\n<div class=\"csl-bib-body\">\n<p class=\"csl-entry\" style=\"text-align: justify;\">M<span style=\"font-family: Liberation Serif, serif;\">\u00c9DARD <\/span>F., 2000, <i>L\u2019artisanat textile au N\u00e9olithique. L\u2019exemple de Delley-Portalban II (Suisse), 3272 &#8211; 2462 avant J.-C<\/i>, Montagnac, \u00c9d. Mergoil, coll. \u00ab\u00a0Pr\u00e9histoires\u00a0\u00bb, n\u02da\u00a04, 251\u00a0p.<\/p>\n<div class=\"csl-bib-body\">\n<p class=\"csl-entry\" style=\"text-align: justify;\">MOULH\u00c9RAT C., 2008, \u00ab\u00a0Arch\u00e9ologie des textiles. Une nouvelle m\u00e9thodologie appliqu\u00e9e \u00e0 l\u2019\u00e9tude des tissus min\u00e9ralis\u00e9s\u00a0\u00bb, <i>Les nouvelles de l\u2019arch\u00e9ologie<\/i>, 114,\u00a0p.\u00a018\u201123.<\/p>\n<div class=\"csl-bib-body\">\n<p class=\"csl-entry\" style=\"text-align: justify;\">NOSCH M.-L., ZHAO F., VARADARAJAN L. (dir.), 2014, <i>Global textile encounters<\/i>, Philadelphia, Oxbow Books, coll. \u00ab\u00a0Ancient textiles series\u00a0\u00bb, n\u02da 20, 308\u00a0p.<\/p>\n<div class=\"csl-bib-body\">\n<p class=\"csl-entry\" style=\"text-align: justify;\">\u00d8STERG<span style=\"font-family: Liberation Serif, serif;\">\u00c5<\/span>RD E., 2004, <i>Woven into the earth. Textiles from Norse Greenland<\/i>, Aarhus University Press, 296\u00a0p.<\/p>\n<div class=\"csl-bib-body\">\n<p class=\"csl-entry\" style=\"text-align: justify;\">RAST-EICHER A., 2016, <i>Fibres. Microscopy of archaeological textiles and furs<\/i>, Budapest, Archaeolingua, 359\u00a0p.<\/p>\n<div class=\"csl-bib-body\">\n<p class=\"csl-entry\" style=\"text-align: justify;\">SCHLABOW K., 1976, <i>Textilfunde der Eisenzeit in Norddeutschland<\/i>, Neum\u00fcnster, K. Wachholtz, coll.\u00a0\u00ab\u00a0G\u00f6ttinger Schriften zur Vor- und Fr\u00fcgeschichte\u00a0\u00bb, 100\u00a0p.<\/p>\n<div class=\"csl-bib-body\">\n<p class=\"csl-entry\" style=\"text-align: justify;\">VOGT E., 1937, <i>Geflechte und Gewebe der Steinzeit<\/i>, Basel, Verlag E. Brikh\u00e4user &amp; Cie, coll.\u00a0\u00ab\u00a0Monographien zur Ur- und Fr\u00fchgeschichte der Schweiz\u00a0\u00bb, 122\u00a0p.<\/p>\n<\/div>\n<\/div>\n<\/div>\n<\/div>\n<\/div>\n<\/div>\n<\/div>\n<\/div>\n<\/div>\n<\/div>\n<\/div>\n<\/div>\n<p class=\"csl-entry\" style=\"text-align: justify;\">WILD J.P., 1988, <i>Textiles in archaeology<\/i>, Princes Risborough, Aylesbury, Bucks, Shire Publications, coll. \u00ab\u00a0Shire archaeology\u00a0\u00bb, n\u02da\u00a056, 68\u00a0p.<\/p>\n<\/div>\n<p>&nbsp;<\/p>\n<h2>NESAT publications<\/h2>\n<p style=\"text-align: justify;\">ANDERSSON STRAND E., GLEBA M., MANNERING U., MUNKHOLT C., RINGAARD M. (dir.), 2010, <em>North European Symposium for Archaeological Textiles X<\/em>, Oxford\u202f; Oakville, Oxbow Books, coll. \u00ab Ancient textiles series \u00bb, n\u02da 5, 306 p.<\/p>\n<p style=\"text-align: justify;\">BANCK-BURGESS J., N\u00dcBOLD C. (dir.), 2013, <i>The North European Symposium for Archaeological Textiles, <\/i>NESAT XI, Rahden\/Westf., Verlag Marie Leidorf, 264 p.<\/p>\n<p style=\"text-align: justify;\">BENDER J\u00d8RGENSEN L., MAGNUS B., MUNKSGAARD E. (dir.), 1988, <i>Archaeological Textiles<\/i>, NESAT II, Copenhague, Arkaeologisk Institut, coll. \u00ab Arkaeologiske Skrifter \u00bb, n\u02da\u00a02, 271 p.<\/p>\n<p style=\"text-align: justify;\">BENDER J\u00d8RGENSEN L., MUNKSGAARD E. (dir.), 1992, <i>Archaeological Textiles in Northern Europe<\/i>, NESAT IV, Copenhague, Det Kongelige Danske Kunstakademi, coll. \u00ab\u00a0Tidens Tand \u00bb, n\u02da 5, 237 p.<\/p>\n<p style=\"text-align: justify;\">BENDER J\u00d8RGENSEN L., RINALDO C. (dir.), 1998, <i>Textiles in European Archeology, <\/i>NESAT VI, G\u00f6teborg, G\u00f6teborg University, Department of Archaeology, 326 p.<\/p>\n<p style=\"text-align: justify;\">BENDER J\u00d8RGENSEN L., TIDOW K. (dir), 1982, <i>Textilsymposium Neum\u00fcnster. Arch\u00e4ologische Textilfunde,<\/i> NESAT I, Neum\u00fcnster, 303 p.<\/p>\n<p style=\"text-align: justify;\">BRAVERMANOV\u00c1 M., B\u0158EZINOV\u00c1 H., MALCOM-DAVIES J. (dir.), 2017, <i>Archaeological textiles &#8211; Links between past and present<\/i>, NESAT XIII, Liberec, Prague, Technical University of Liberec, Faculty of textile Engineering\u202f; Institute of Archaeology of the CAS, Prague, 350 p.<\/p>\n<p style=\"text-align: justify;\">GR\u00d6MER K., PRITCHARD F. (dir.), 2015, <i>Aspects of the design, production and use of textiles and clothing from the Bronze Age to the Early Modern Era<\/i>, NESAT XII, Budapest, Archaeolingua Alap\u00edtv\u00e1ny, coll. \u00ab Archaeolingua \u00bb, n\u02da 33, 376 p.<\/p>\n<p style=\"text-align: justify;\">JAACKS G., TIDOW K. (dir.), 1994, <i>Textilsymposium Neum\u00fcnster. Arch\u00e4ologische Textilfunde<\/i>, NESAT V, Neum\u00fcnster,\u00a0Textilmuseum Neum\u00fcnster, 264 p.<\/p>\n<p style=\"text-align: justify;\">MAIK J., 2004, <i>Priceless Invention of Humanity &#8211; Textiles<\/i>, NESAT VIII, \u0141\u00f3d\u017a, \u0141\u00f3dzkie Towarzystwo Naukowe, coll. \u00ab Acta Archaeologica Lodziensa \u00bb, n\u02da 50, 200 p.<\/p>\n<p style=\"text-align: justify;\">PRITCHARD F., WILD J.P. (dir.), 2005, <i>Northern archaeological textiles<\/i>, NESAT VII, Oxford, Oxbow Books, 137 p.<\/p>\n<p style=\"text-align: justify;\">RAST-EICHER A., WINDLER R. (dir.), 2007, <i>Arch\u00e4ologische Textilfunde: Archaeological textiles<\/i>, NESAT IX, Ennenda, ArcheoTex, 233 p.<\/p>\n<p style=\"text-align: justify;\">WALTON P., WILD J.P. (dir.), 1990, <i>Textiles in Northern Archaeology, <\/i>NESAT III, Londres, Archetype Publications, 231 p.<\/p>\n<p>&nbsp;<\/p>\n<h2>Textiles in ethnology<\/h2>\n<p style=\"text-align: justify;\">BALUT P.-Y., 2014, <i>Th\u00e9orie Du V\u00eatement<\/i>. L\u2019Harmattan. Paris, 170 p.<\/p>\n<p style=\"text-align: justify;\">BARTHES R., 1957, \u00ab Histoire et sociologie du v\u00eatement (quelques observations m\u00e9thodologiques) \u00bb, <i>Annales<\/i>, ESC, 12\u00e8me ann\u00e9e, n\u00b0 3, p. 430-441.<\/p>\n<p style=\"text-align: justify;\">BLANC O., 1995, \u00ab Histoire du costume : l&#8217;objet introuvable \u00bb, <i>M\u00e9di\u00e9vales<\/i>, n\u00b0 29. L&#8217;\u00e9toffe et le v\u00eatement, p. 65-82.<\/p>\n<p style=\"text-align: justify;\">DELAPORTE Y., 1980, \u00ab Le signe vestimentaire \u00bb, <i>L&#8217;Homme<\/i>, vol. 20, n\u00b0 3, p.109-142.<\/p>\n<p style=\"text-align: justify;\">DELAPORTE Y. (dir.), 1984, <i>V\u00eatement et soci\u00e9t\u00e9s 2<\/i>, Actes du Colloque national CNRS \u00ab\u00a0Vers une anthropologie du v\u00eatement \u00bb, L\u2019Ethnographie, 92-94, 421 p.<\/p>\n<p style=\"text-align: justify;\">DELAPORTE Y., DE FONTANES, M. (dir.), 1983, <i>Vers une anthropologie du v\u00eatement : concepts, m\u00e9thodes et th\u00e9ories dans l&#8217;\u00e9tude des costumes ethnologiques et historiques<\/i>, Paris, Mus\u00e9e de l&#8217;Homme. Laboratoire d&#8217;ethnologie du Museum national d&#8217;histoire naturelle, 22 p.<\/p>\n<p style=\"text-align: justify;\">GAUTHIER M., 2006, \u00ab Le commerce du v\u00eatement usag\u00e9 \u00e0 la fronti\u00e8re du Mexique et des \u00c9tats-Unis : un chapitre sensoriel de la biographie des objets (Note de recherche) \u00bb, <i>Anthropologie et Soci\u00e9t\u00e9s<\/i>, vol. 30, n\u00b0 3, p. 139-152.<\/p>\n<p style=\"text-align: justify;\">GHERCHANOC F., HUET V., 2007, \u00ab Pratiques politiques et culturelles du v\u00eatement \u00bb, <i>Revue historique<\/i>, vol. 1, n\u00b0 641, p. 3-30.<\/p>\n<p style=\"text-align: justify;\">GIUSTI N., 2011, \u00ab Le travail en atelier comme forme d\u2019organisation du processus de cr\u00e9ation dans la Mode \u00bb, <i>Sociologie et soci\u00e9t\u00e9s<\/i>, vol. 43, n\u00b0 1, p. 149-173.<\/p>\n<p style=\"text-align: justify;\">GODART F., 2010, <i>Sociologie de la mode<\/i>, \u00c9ditions La D\u00e9couverte, Paris, 128 p.<\/p>\n<p style=\"text-align: justify;\">LEROI-GOURHAN A., 1971, <i>L&#8217;Homme et la Mati\u00e8re<\/i>, Paris, Albin, Michel, 352 p.<\/p>\n<p style=\"text-align: justify;\">LEROI-GOURHAN A., 1992, <i>Milieu et Technique<\/i>, Paris, Albin Michel, 480 p.<\/p>\n<p style=\"text-align: justify;\">MOUREAU E., DARNAS I., BARRUOL A., 2008, <i>Regards sur le patrimoine textile : journ\u00e9es annuelles de formation de l&#8217;Association des conservateurs des antiquit\u00e9s et objets d&#8217;art de France tenu \u00e0 l&#8217;abbaye de Belleperche (Tarn-et-Garonne) du 30 mai au 1er juin 2007<\/i>, Arles, Actes sud, 165 p.<\/p>\n<p style=\"text-align: justify;\">PASTOUREAU M., 2000, <i>Bleu. Histoire d\u2019une couleur<\/i>. Paris, \u00c9ditions du Seuil, 216 p.<\/p>\n<p style=\"text-align: justify;\">ROCAMORA A., 2011, \u00ab Blogs personnels de mode : identit\u00e9, r\u00e9alit\u00e9 et sociabilit\u00e9 dans la culture des apparences \u00bb, <i>Sociologie et soci\u00e9t\u00e9s<\/i>, vol. 43, n\u00b0 1, p. 19-44.<\/p>\n<p style=\"text-align: justify;\">SAMUEL A. (dir.), 2010, <i>Costumes d&#8217;enfants, miroir des grands<\/i>. Hommage \u00e0 Krishna Riboud, exposition du 20 octobre 2010-24 janvier 2011, Mus\u00e9e Guimet, Paris, 200 p.<\/p>\n<p style=\"text-align: justify;\">WICKRAMASINGHE N., 2006, <i>L&#8217;invention du v\u00eatement national au Sri Lanka<\/i>, Paris, \u00c9ditions Karthala, 138 p.<\/p>\n<p style=\"text-align: justify;\">ZAKHAROVA L., 2011, <i>S\u2019habiller \u00e0 la sovi\u00e9tique : la mode et le D\u00e9gel en URSS<\/i>, Paris, CNRS \u00e9d, 408 p.<\/p>\n<div class=\"csl-bib-body\">\n<h2 style=\"text-align: center;\">\ud83d\udcd6<\/h2>\n<\/div>\n<p>&nbsp;<\/p>\n","protected":false},"excerpt":{"rendered":"<p>Below you will find some reading tracks. The list of publications by the board members is available here. The Moirai GRIMAL P., 2002, Dictionnaire de la mythologie grecque et romaine, <a class=\"more-link\" href=\"https:\/\/www.moires.fr\/en\/?page_id=119\">Continue Reading &rarr;<\/a><\/p>\n","protected":false},"author":2,"featured_media":0,"parent":529,"menu_order":2,"comment_status":"closed","ping_status":"closed","template":"","meta":{"footnotes":""},"class_list":["post-119","page","type-page","status-publish","hentry"],"_links":{"self":[{"href":"https:\/\/www.moires.fr\/en\/index.php?rest_route=\/wp\/v2\/pages\/119","targetHints":{"allow":["GET"]}}],"collection":[{"href":"https:\/\/www.moires.fr\/en\/index.php?rest_route=\/wp\/v2\/pages"}],"about":[{"href":"https:\/\/www.moires.fr\/en\/index.php?rest_route=\/wp\/v2\/types\/page"}],"author":[{"embeddable":true,"href":"https:\/\/www.moires.fr\/en\/index.php?rest_route=\/wp\/v2\/users\/2"}],"replies":[{"embeddable":true,"href":"https:\/\/www.moires.fr\/en\/index.php?rest_route=%2Fwp%2Fv2%2Fcomments&post=119"}],"version-history":[{"count":74,"href":"https:\/\/www.moires.fr\/en\/index.php?rest_route=\/wp\/v2\/pages\/119\/revisions"}],"predecessor-version":[{"id":452,"href":"https:\/\/www.moires.fr\/en\/index.php?rest_route=\/wp\/v2\/pages\/119\/revisions\/452"}],"up":[{"embeddable":true,"href":"https:\/\/www.moires.fr\/en\/index.php?rest_route=\/wp\/v2\/pages\/529"}],"wp:attachment":[{"href":"https:\/\/www.moires.fr\/en\/index.php?rest_route=%2Fwp%2Fv2%2Fmedia&parent=119"}],"curies":[{"name":"wp","href":"https:\/\/api.w.org\/{rel}","templated":true}]}}