{"id":70,"date":"2018-12-04T10:50:22","date_gmt":"2018-12-04T09:50:22","guid":{"rendered":"http:\/\/www.fremb.fr\/archeo\/?page_id=70"},"modified":"2023-01-03T22:54:24","modified_gmt":"2023-01-03T21:54:24","slug":"composition","status":"publish","type":"page","link":"https:\/\/www.moires.fr\/en\/?page_id=70","title":{"rendered":"Board members"},"content":{"rendered":"<hr \/>\n<p>The board members are:<\/p>\n<ul>\n<li>the president : <a href=\"http:\/\/chec.uca.fr\/article459.html\" target=\"_blank\" rel=\"noopener noreferrer\">\u00c9meline Retournard<\/a> (<a href=\"http:\/\/emelineretournard.fr\">personnal site<\/a>)<br \/>\n(Centre d&#8217;Histoire &#8220;Espaces et Cultures&#8221; &#8211; EA 1001 \/ Universit\u00e9 Clermont Auvergne)<br \/>\n<img loading=\"lazy\" decoding=\"async\" class=\"alignnone size-medium wp-image-247\" src=\"https:\/\/www.moires.fr\/en\/wp-content\/uploads\/2018\/12\/Bandeau_ER-300x167.png\" alt=\"\" width=\"300\" height=\"167\" \/><\/li>\n<li>the treasurer : <a href=\"http:\/\/www.centrechastel.paris-sorbonne.fr\/membres\/elsa-desplanques?fbclid=IwAR2kZ18e047bUZ_hejwKg1ZHk2uoiIH-yCzbhCIlWGEu4lvx1_oqlLKh3i8\" target=\"_blank\" rel=\"noopener noreferrer\">Elsa Desplanques<\/a><br \/>\n(Orient-M\u00e9diterrann\u00e9e &#8211; UMR 8167 \/ Universit\u00e9 Paris-Sorbonne)<br \/>\n<img loading=\"lazy\" decoding=\"async\" class=\"alignnone size-medium wp-image-246\" src=\"https:\/\/www.moires.fr\/en\/wp-content\/uploads\/2018\/12\/Bandeau_ED-300x168.png\" alt=\"\" width=\"300\" height=\"168\" \/><\/li>\n<li>the secretary : <a href=\"https:\/\/www.ephe.fr\/annuaire\/isaline-saunier\" target=\"_blank\" rel=\"noopener noreferrer\">Isaline Saunier<\/a><br \/>\n(Groupe Soci\u00e9t\u00e9s, Religions, La\u00efcit\u00e9s &#8211; UMR 8582 \/ Ecole Pratique des Hautes Etudes, Paris)<\/li>\n<li style=\"list-style-type: none;\"><img loading=\"lazy\" decoding=\"async\" class=\"alignnone size-medium wp-image-248\" src=\"https:\/\/www.moires.fr\/en\/wp-content\/uploads\/2018\/12\/Isaline-Saunier-Tyva-300x158-300x158.jpg\" alt=\"\" width=\"300\" height=\"158\" \/><\/li>\n<\/ul>\n","protected":false},"excerpt":{"rendered":"<p>The board members are: the president : \u00c9meline Retournard (personnal site) (Centre d&#8217;Histoire &#8220;Espaces et Cultures&#8221; &#8211; EA 1001 \/ Universit\u00e9 Clermont Auvergne) the treasurer : Elsa Desplanques (Orient-M\u00e9diterrann\u00e9e &#8211; <a class=\"more-link\" href=\"https:\/\/www.moires.fr\/en\/?page_id=70\">Continue Reading &rarr;<\/a><\/p>\n","protected":false},"author":2,"featured_media":0,"parent":29,"menu_order":3,"comment_status":"closed","ping_status":"closed","template":"","meta":{"footnotes":""},"class_list":["post-70","page","type-page","status-publish","hentry"],"_links":{"self":[{"href":"https:\/\/www.moires.fr\/en\/index.php?rest_route=\/wp\/v2\/pages\/70","targetHints":{"allow":["GET"]}}],"collection":[{"href":"https:\/\/www.moires.fr\/en\/index.php?rest_route=\/wp\/v2\/pages"}],"about":[{"href":"https:\/\/www.moires.fr\/en\/index.php?rest_route=\/wp\/v2\/types\/page"}],"author":[{"embeddable":true,"href":"https:\/\/www.moires.fr\/en\/index.php?rest_route=\/wp\/v2\/users\/2"}],"replies":[{"embeddable":true,"href":"https:\/\/www.moires.fr\/en\/index.php?rest_route=%2Fwp%2Fv2%2Fcomments&post=70"}],"version-history":[{"count":21,"href":"https:\/\/www.moires.fr\/en\/index.php?rest_route=\/wp\/v2\/pages\/70\/revisions"}],"predecessor-version":[{"id":585,"href":"https:\/\/www.moires.fr\/en\/index.php?rest_route=\/wp\/v2\/pages\/70\/revisions\/585"}],"up":[{"embeddable":true,"href":"https:\/\/www.moires.fr\/en\/index.php?rest_route=\/wp\/v2\/pages\/29"}],"wp:attachment":[{"href":"https:\/\/www.moires.fr\/en\/index.php?rest_route=%2Fwp%2Fv2%2Fmedia&parent=70"}],"curies":[{"name":"wp","href":"https:\/\/api.w.org\/{rel}","templated":true}]}}